{"id":1545,"date":"2024-07-18T02:10:16","date_gmt":"2024-07-18T02:10:16","guid":{"rendered":"https:\/\/swisspresse.com\/submit-news\/"},"modified":"2024-08-28T04:10:14","modified_gmt":"2024-08-28T04:10:14","slug":"soumettre-des-nouvelles","status":"publish","type":"page","link":"https:\/\/swisspresse.com\/fr\/soumettre-des-nouvelles\/","title":{"rendered":"Soumettre des nouvelles"},"content":{"rendered":"<div id=\"tdi_1\" class=\"tdc-zone\"><div class=\"tdc_zone tdi_2  wpb_row td-pb-row\"  >\n<style scoped>\n\/* custom css - generated by TagDiv Composer *\/\n\n\/* custom css - generated by TagDiv Composer *\/\n.tdi_2{\r\n                    min-height: 0;\r\n                }\n<\/style><div id=\"tdi_3\" class=\"tdc-row stretch_row_1200 td-stretch-content\"><div class=\"vc_row tdi_4  wpb_row td-pb-row\" >\n<style scoped>\n\/* custom css - generated by TagDiv Composer *\/\n\n\/* custom css - generated by TagDiv Composer *\/\n.tdi_4,\r\n                .tdi_4 .tdc-columns{\r\n                    min-height: 0;\r\n                }.tdi_4,\r\n\t\t\t\t.tdi_4 .tdc-columns{\r\n\t\t\t\t    display: flex;\r\n\t\t\t\t\r\n\t\t\t\t    flex-direction: row;\r\n\t\t\t\t\r\n\t\t\t\t    flex-wrap: nowrap;\r\n\t\t\t\t\r\n\t\t\t\t    justify-content: flex-start;\r\n\t\t\t\t\r\n\t\t\t\t    align-items: baseline;\r\n\t\t\t\t}.tdi_4 .tdc-columns{\r\n\t\t\t\t    width: 100%;\r\n\t\t\t\t}.tdi_4:before,\r\n\t\t\t\t.tdi_4:after{\r\n\t\t\t\t    display: none;\r\n\t\t\t\t}@media (min-width: 768px) {\r\n\t                .tdi_4 {\r\n\t                    margin-left: -25px;\r\n\t                    margin-right: -25px;\r\n\t                }\r\n\t                .tdi_4 .tdc-row-video-background-error,\r\n\t                .tdi_4 > .vc_column,\r\n\t                .tdi_4 > .tdc-columns > .vc_column {\r\n\t                    padding-left: 25px;\r\n\t                    padding-right: 25px;\r\n\t                }\r\n                }\n\n\/* landscape *\/\n@media (min-width: 1019px) and (max-width: 1140px){\n@media (min-width: 768px) {\r\n\t                .tdi_4 {\r\n\t                    margin-left: -20px;\r\n\t                    margin-right: -20px;\r\n\t                }\r\n\t                .tdi_4 .tdc-row-video-background-error,\r\n\t                .tdi_4 > .vc_column,\r\n\t                .tdi_4 > .tdc-columns > .vc_column {\r\n\t                    padding-left: 20px;\r\n\t                    padding-right: 20px;\r\n\t                }\r\n                }\n}\n\n\/* portrait *\/\n@media (min-width: 768px) and (max-width: 1018px){\n@media (min-width: 768px) {\r\n\t                .tdi_4 {\r\n\t                    margin-left: -15px;\r\n\t                    margin-right: -15px;\r\n\t                }\r\n\t                .tdi_4 .tdc-row-video-background-error,\r\n\t                .tdi_4 > .vc_column,\r\n\t                .tdi_4 > .tdc-columns > .vc_column {\r\n\t                    padding-left: 15px;\r\n\t                    padding-right: 15px;\r\n\t                }\r\n                }\n}\n\n\/* phone *\/\n@media (max-width: 767px){\n.tdi_4,\r\n\t\t\t\t.tdi_4 .tdc-columns{\r\n\t\t\t\t    flex-direction: column;\r\n\t\t\t\t}\n}\n\/* inline tdc_css att - generated by TagDiv Composer *\/\n\n.tdi_4{\nmargin-top:60px !important;\n}\n\n.tdi_4 .td_block_wrap{ text-align:left }\n\n\/* landscape *\/\n@media (min-width: 1019px) and (max-width: 1140px)\n{\n.tdi_4{\nmargin-top:50px !important;\n}\n}\n\n\/* portrait *\/\n@media (min-width: 768px) and (max-width: 1018px)\n{\n.tdi_4{\nmargin-top:40px !important;\n}\n}\n\n\/* phone *\/\n@media (max-width: 767px)\n{\n.tdi_4{\nmargin-top:45px !important;\n}\n}\n\n<\/style><div class=\"vc_column tdi_6  wpb_column vc_column_container tdc-column td-pb-span12\">\n<style scoped>\n\/* custom css - generated by TagDiv Composer *\/\n\n\/* custom css - generated by TagDiv Composer *\/\n.tdi_6{\r\n                    vertical-align: baseline;\r\n                }.tdi_6 > .wpb_wrapper,\r\n\t\t\t\t.tdi_6 > .wpb_wrapper > .tdc-elements{\r\n\t\t\t\t    display: block;\r\n\t\t\t\t}.tdi_6 > .wpb_wrapper > .tdc-elements{\r\n\t\t\t\t    width: 100%;\r\n\t\t\t\t}.tdi_6 > .wpb_wrapper > .vc_row_inner{\r\n\t\t\t\t    width: auto;\r\n\t\t\t\t}.tdi_6 > .wpb_wrapper{\r\n\t\t\t\t    width: auto;\r\n\t\t\t\t    height: auto;\r\n\t\t\t\t}\n<\/style><div class=\"wpb_wrapper\" ><div class=\"td_block_wrap tdb_title tdi_7 tdb-page-title td-pb-border-top td_block_template_1\"  data-td-block-uid=\"tdi_7\" >\n<style>\n\n\/* inline tdc_css att - generated by TagDiv Composer *\/\n\n.tdi_7{\nmargin-bottom:0px !important;\npadding-left:25px !important;\nborder-color:var(--news-hub-accent) !important;\nborder-style:solid !important;\nborder-width: 0px 0px 0px 4px !important;\n}\n\n\/* landscape *\/\n@media (min-width: 1019px) and (max-width: 1140px)\n{\n.tdi_7{\npadding-left:20px !important;\n}\n}\n\n\/* portrait *\/\n@media (min-width: 768px) and (max-width: 1018px)\n{\n.tdi_7{\npadding-left:15px !important;\n}\n}\n\n\/* phone *\/\n@media (max-width: 767px)\n{\n.tdi_7{\npadding-left:15px !important;\n}\n}\n\n<\/style>\n<style>\n\/* custom css - generated by TagDiv Composer *\/\n.tdb_title{\r\n                  margin-bottom: 19px;\r\n                }.tdb_title.tdb-content-horiz-center{\r\n                  text-align: center;\r\n                }.tdb_title.tdb-content-horiz-center .tdb-title-line{\r\n                  margin: 0 auto;\r\n                }.tdb_title.tdb-content-horiz-right{\r\n                  text-align: right;\r\n                }.tdb_title.tdb-content-horiz-right .tdb-title-line{\r\n                  margin-left: auto;\r\n                  margin-right: 0;\r\n                }.tdb-title-text{\r\n                  display: inline-block;\r\n                  position: relative;\r\n                  margin: 0;\r\n                  word-wrap: break-word;\r\n                  font-size: 30px;\r\n                  line-height: 38px;\r\n                  font-weight: 700;\r\n                }.tdb-first-letter{\r\n                  position: absolute;\r\n                  -webkit-user-select: none;\r\n                  user-select: none;\r\n                  pointer-events: none;\r\n                  text-transform: uppercase;\r\n                  color: rgba(0, 0, 0, 0.08);\r\n                  font-size: 6em;\r\n                  font-weight: 300;\r\n                  top: 50%;\r\n                  -webkit-transform: translateY(-50%);\r\n                  transform: translateY(-50%);\r\n                  left: -0.36em;\r\n                  z-index: -1;\r\n                  -webkit-text-fill-color: initial;\r\n                }.tdb-title-line{\r\n                  display: none;\r\n                  position: relative;\r\n                }.tdb-title-line:after{\r\n                  content: '';\r\n                  width: 100%;\r\n                  position: absolute;\r\n                  background-color: var(--td_theme_color, #4db2ec);\r\n                  top: 0;\r\n                  left: 0;\r\n                  margin: auto;\r\n                }.tdi_7 .tdb-title-text{\r\n\t\t\t\t\tcolor: var(--news-hub-white);\r\n\t\t\t\t\r\n\t\t\t\t\tfont-family:Oswald !important;font-size:38px !important;line-height:1.15 !important;font-weight:700 !important;text-transform:none !important;\r\n\t\t\t\t}.tdi_7 .tdb-title-line:after{\r\n\t\t\t\t\theight: 2px;\r\n\t\t\t\t\r\n\t\t\t\t\tbottom: 40%;\r\n\t\t\t\t}.tdi_7 .tdb-title-line{\r\n\t\t\t\t\theight: 50px;\r\n\t\t\t\t}.td-theme-wrap .tdi_7{\r\n\t\t\t\t\ttext-align: left;\r\n\t\t\t\t}.tdi_7 .tdb-first-letter{\r\n\t\t\t\t\tleft: -0.36em;\r\n\t\t\t\t\tright: auto;\r\n\t\t\t\t}\n\n\/* landscape *\/\n@media (min-width: 1019px) and (max-width: 1140px){\n.tdi_7 .tdb-title-text{\r\n\t\t\t\t\tfont-size:32px !important;\r\n\t\t\t\t}\n}\n\n\/* portrait *\/\n@media (min-width: 768px) and (max-width: 1018px){\n.tdi_7 .tdb-title-text{\r\n\t\t\t\t\tfont-size:26px !important;\r\n\t\t\t\t}\n}\n\n\/* phone *\/\n@media (max-width: 767px){\n.tdi_7 .tdb-title-text{\r\n\t\t\t\t\tfont-size:28px !important;\r\n\t\t\t\t}\n}\n<\/style><div class=\"tdb-block-inner td-fix-index\"><h1 class=\"tdb-title-text\">Sample Page Title<\/h1><div><\/div><div class=\"tdb-title-line\"><\/div><\/div><\/div><\/div><\/div><\/div><\/div><div id=\"tdi_8\" class=\"tdc-row stretch_row_1200 td-stretch-content\"><div class=\"vc_row tdi_9  wpb_row td-pb-row\" >\n<style scoped>\n\/* custom css - generated by TagDiv Composer *\/\n\n\/* custom css - generated by TagDiv Composer *\/\n.tdi_9,\r\n                .tdi_9 .tdc-columns{\r\n                    min-height: 0;\r\n                }.tdi_9,\r\n\t\t\t\t.tdi_9 .tdc-columns{\r\n\t\t\t\t    display: flex;\r\n\t\t\t\t\r\n\t\t\t\t    flex-direction: row;\r\n\t\t\t\t\r\n\t\t\t\t    flex-wrap: nowrap;\r\n\t\t\t\t\r\n\t\t\t\t    justify-content: flex-start;\r\n\t\t\t\t\r\n\t\t\t\t    align-items: flex-start;\r\n\t\t\t\t}.tdi_9 .tdc-columns{\r\n\t\t\t\t    width: 100%;\r\n\t\t\t\t}.tdi_9:before,\r\n\t\t\t\t.tdi_9:after{\r\n\t\t\t\t    display: none;\r\n\t\t\t\t}@media (min-width: 768px) {\r\n\t                .tdi_9 {\r\n\t                    margin-left: -25px;\r\n\t                    margin-right: -25px;\r\n\t                }\r\n\t                .tdi_9 .tdc-row-video-background-error,\r\n\t                .tdi_9 > .vc_column,\r\n\t                .tdi_9 > .tdc-columns > .vc_column {\r\n\t                    padding-left: 25px;\r\n\t                    padding-right: 25px;\r\n\t                }\r\n                }\n\n\/* landscape *\/\n@media (min-width: 1019px) and (max-width: 1140px){\n@media (min-width: 768px) {\r\n\t                .tdi_9 {\r\n\t                    margin-left: -20px;\r\n\t                    margin-right: -20px;\r\n\t                }\r\n\t                .tdi_9 .tdc-row-video-background-error,\r\n\t                .tdi_9 > .vc_column,\r\n\t                .tdi_9 > .tdc-columns > .vc_column {\r\n\t                    padding-left: 20px;\r\n\t                    padding-right: 20px;\r\n\t                }\r\n                }\n}\n\n\/* portrait *\/\n@media (min-width: 768px) and (max-width: 1018px){\n@media (min-width: 768px) {\r\n\t                .tdi_9 {\r\n\t                    margin-left: -15px;\r\n\t                    margin-right: -15px;\r\n\t                }\r\n\t                .tdi_9 .tdc-row-video-background-error,\r\n\t                .tdi_9 > .vc_column,\r\n\t                .tdi_9 > .tdc-columns > .vc_column {\r\n\t                    padding-left: 15px;\r\n\t                    padding-right: 15px;\r\n\t                }\r\n                }\n}\n\n\/* phone *\/\n@media (max-width: 767px){\n.tdi_9,\r\n\t\t\t\t.tdi_9 .tdc-columns{\r\n\t\t\t\t    flex-direction: column;\r\n\t\t\t\t}\n}\n\/* inline tdc_css att - generated by TagDiv Composer *\/\n\n.tdi_9{\nmargin-top:60px !important;\nmargin-bottom:40px !important;\n}\n\n.tdi_9 .td_block_wrap{ text-align:left }\n\n\/* landscape *\/\n@media (min-width: 1019px) and (max-width: 1140px)\n{\n.tdi_9{\nmargin-top:50px !important;\n}\n}\n\n\/* portrait *\/\n@media (min-width: 768px) and (max-width: 1018px)\n{\n.tdi_9{\nmargin-top:40px !important;\n}\n}\n\n\/* phone *\/\n@media (max-width: 767px)\n{\n.tdi_9{\nmargin-top:45px !important;\n}\n}\n\n<\/style><div class=\"vc_column tdi_11  wpb_column vc_column_container tdc-column td-pb-span12\">\n<style scoped>\n\/* custom css - generated by TagDiv Composer *\/\n\n\/* custom css - generated by TagDiv Composer *\/\n.tdi_11{\r\n                    vertical-align: baseline;\r\n                }.tdi_11 > .wpb_wrapper,\r\n\t\t\t\t.tdi_11 > .wpb_wrapper > .tdc-elements{\r\n\t\t\t\t    display: block;\r\n\t\t\t\t}.tdi_11 > .wpb_wrapper > .tdc-elements{\r\n\t\t\t\t    width: 100%;\r\n\t\t\t\t}.tdi_11 > .wpb_wrapper > .vc_row_inner{\r\n\t\t\t\t    width: auto;\r\n\t\t\t\t}.tdi_11 > .wpb_wrapper{\r\n\t\t\t\t    width: auto;\r\n\t\t\t\t    height: auto;\r\n\t\t\t\t}\n<\/style><div class=\"wpb_wrapper\" ><div class=\"wpb_wrapper wpb_text_column td_block_wrap td_block_wrap vc_column_text tdi_12  tagdiv-type td-pb-border-top td_block_template_1\"  data-td-block-uid=\"tdi_12\" >\n<style>\n\n\/* inline tdc_css att - generated by TagDiv Composer *\/\n\n.tdi_12{\nmargin-top:0px !important;\nmargin-bottom:0px !important;\npadding-top:0px !important;\npadding-bottom:0px !important;\n}\n\n<\/style>\n<style>\n\/* custom css - generated by TagDiv Composer *\/\n.vc_column_text > .td-element-style{\r\n\t\t\t\t\tz-index: -1;\r\n\t\t\t\t}.tdi_12,\r\n                .tdi_12 p{\r\n\t\t\t        font-family:Oswald !important;font-size:17px !important;line-height:1.8 !important;\r\n\t\t        }.tdi_12 h1{\r\n\t\t\t        font-family:Oswald !important;font-size:32px !important;line-height:1.4 !important;font-weight:700 !important;\r\n\t\t        }.tdi_12 h2{\r\n\t\t\t        font-family:Oswald !important;font-size:28px !important;line-height:1.4 !important;font-weight:700 !important;\r\n\t\t        }.tdi_12 h3{\r\n\t\t\t        font-family:Oswald !important;font-size:24px !important;line-height:1.4 !important;font-weight:700 !important;\r\n\t\t        }.tdi_12 h4{\r\n\t\t\t        font-family:Oswald !important;font-size:20px !important;line-height:1.4 !important;font-weight:700 !important;\r\n\t\t        }.tdi_12 h5{\r\n\t\t\t        font-family:Oswald !important;font-size:18px !important;line-height:1.4 !important;font-weight:700 !important;\r\n\t\t        }.tdi_12 h6{\r\n\t\t\t        font-family:Oswald !important;font-size:18px !important;line-height:1.4 !important;font-weight:700 !important;\r\n\t\t        }.tdi_12{\r\n\t\t\t        color: var(--news-hub-white);\r\n\t\t        }.tdi_12 h1,\r\n\t\t\t\t.tdi_12 h2,\r\n\t\t\t\t.tdi_12 h3,\r\n\t\t\t\t.tdi_12 h4,\r\n\t\t\t\t.tdi_12 h5,\r\n\t\t\t\t.tdi_12 h6{\r\n\t\t\t        color: var(--news-hub-white);\r\n\t\t        }\n\n\/* landscape *\/\n@media (min-width: 1019px) and (max-width: 1140px){\n.tdi_12,\r\n                .tdi_12 p{\r\n\t\t\t        font-size:14px !important;line-height:2 !important;\r\n\t\t        }.tdi_12 h1{\r\n\t\t\t        font-size:30px !important;\r\n\t\t        }.tdi_12 h2{\r\n\t\t\t        font-size:26px !important;\r\n\t\t        }.tdi_12 h3{\r\n\t\t\t        font-size:22px !important;\r\n\t\t        }.tdi_12 h4{\r\n\t\t\t        font-size:18px !important;\r\n\t\t        }.tdi_12 h5{\r\n\t\t\t        font-size:16px !important;\r\n\t\t        }.tdi_12 h6{\r\n\t\t\t        font-size:16px !important;\r\n\t\t        }\n}\n\n\/* portrait *\/\n@media (min-width: 768px) and (max-width: 1018px){\n.tdi_12,\r\n                .tdi_12 p{\r\n\t\t\t        font-size:13px !important;line-height:1.95 !important;\r\n\t\t        }.tdi_12 h1{\r\n\t\t\t        font-size:28px !important;line-height:1.3 !important;\r\n\t\t        }.tdi_12 h2{\r\n\t\t\t        font-size:24px !important;line-height:1.3 !important;\r\n\t\t        }.tdi_12 h3{\r\n\t\t\t        font-size:20px !important;line-height:1.3 !important;\r\n\t\t        }.tdi_12 h4{\r\n\t\t\t        font-size:18px !important;line-height:1.3 !important;\r\n\t\t        }.tdi_12 h5{\r\n\t\t\t        font-size:16px !important;line-height:1.3 !important;\r\n\t\t        }.tdi_12 h6{\r\n\t\t\t        font-size:16px !important;line-height:1.3 !important;\r\n\t\t        }\n}\n\n\/* phone *\/\n@media (max-width: 767px){\n.tdi_12,\r\n                .tdi_12 p{\r\n\t\t\t        font-size:14px !important;line-height:1.95 !important;\r\n\t\t        }.tdi_12 h1{\r\n\t\t\t        font-size:30px !important;\r\n\t\t        }.tdi_12 h2{\r\n\t\t\t        font-size:26px !important;\r\n\t\t        }.tdi_12 h3{\r\n\t\t\t        font-size:22px !important;\r\n\t\t        }.tdi_12 h4{\r\n\t\t\t        font-size:18px !important;\r\n\t\t        }.tdi_12 h5{\r\n\t\t\t        font-size:16px !important;\r\n\t\t        }.tdi_12 h6{\r\n\t\t\t        font-size:16px !important;\r\n\t\t        }\n}\n<\/style><div class=\"td-fix-index\"><h1>Diffusion de communiqu\u00e9s de presse en Suisse<\/h1>\n<p>Soumettez un article de presse ou un communiqu\u00e9 de presse \u00e0 distribuer aux m\u00e9dias en Suisse, dans la r\u00e9gion DACH ou en Europe. Le communiqu\u00e9 de presse peut \u00eatre r\u00e9dig\u00e9 en allemand, en fran\u00e7ais, en italien ou en anglais. Pour plus d&rsquo;informations, contactez-nous via ces applications de messagerie\u00a0: <a href=\"https:\/\/api.whatsapp.com\/send\/?phone=18327162363&#038;text&#038;app_absent=0\">WhatsApp<\/a>, <a href=\"skype:groupwebmedia?chat\">Skype<\/a> ou <a href=\"https:\/\/t.me\/groupwebmedia\">Telegram\u00a0<\/a><\/p>\n<h1><a href=\"https:\/\/swisspresse.com\/fr\/distribution-efficace-des-communiques-de-presse-en-suisse\/\">Diffusion efficace de communiqu\u00e9s de presse en Suisse<\/a><\/h1>\n<p>Berne, Suisse \u2013 (<a href=\"https:\/\/europenewswire.net\">EuropeNewswire.Net<\/a>) \u2014 La Suisse, avec son paysage m\u00e9diatique multilingue et diversifi\u00e9, pr\u00e9sente des d\u00e9fis et des opportunit\u00e9s uniques pour les entreprises et les organisations qui cherchent \u00e0 diffuser des communiqu\u00e9s de presse. Pour maximiser l\u2019impact des communiqu\u00e9s de presse en Suisse, il est essentiel de comprendre l\u2019environnement m\u00e9diatique, d\u2019adapter le contenu au public et d\u2019utiliser les canaux de distribution appropri\u00e9s. Cet essai explore les meilleures pratiques de diffusion des communiqu\u00e9s de presse en Suisse\u2026<a href=\"https:\/\/swisspresse.com\/fr\/distribution-efficace-des-communiques-de-presse-en-suisse\/\">lire la suite<\/a><\/p>\n<\/div><\/div><\/div><\/div><\/div><\/div><\/div><\/div>","protected":false},"excerpt":{"rendered":"","protected":false},"author":1,"featured_media":0,"parent":0,"menu_order":0,"comment_status":"closed","ping_status":"closed","template":"","meta":{"footnotes":""},"class_list":["post-1545","page","type-page","status-publish"],"_links":{"self":[{"href":"https:\/\/swisspresse.com\/fr\/wp-json\/wp\/v2\/pages\/1545","targetHints":{"allow":["GET"]}}],"collection":[{"href":"https:\/\/swisspresse.com\/fr\/wp-json\/wp\/v2\/pages"}],"about":[{"href":"https:\/\/swisspresse.com\/fr\/wp-json\/wp\/v2\/types\/page"}],"author":[{"embeddable":true,"href":"https:\/\/swisspresse.com\/fr\/wp-json\/wp\/v2\/users\/1"}],"replies":[{"embeddable":true,"href":"https:\/\/swisspresse.com\/fr\/wp-json\/wp\/v2\/comments?post=1545"}],"version-history":[{"count":6,"href":"https:\/\/swisspresse.com\/fr\/wp-json\/wp\/v2\/pages\/1545\/revisions"}],"predecessor-version":[{"id":1784,"href":"https:\/\/swisspresse.com\/fr\/wp-json\/wp\/v2\/pages\/1545\/revisions\/1784"}],"wp:attachment":[{"href":"https:\/\/swisspresse.com\/fr\/wp-json\/wp\/v2\/media?parent=1545"}],"curies":[{"name":"wp","href":"https:\/\/api.w.org\/{rel}","templated":true}]}}